{"id":2201,"date":"2025-09-09T20:23:02","date_gmt":"2025-09-09T20:23:02","guid":{"rendered":"https:\/\/yudica.com\/?page_id=2201"},"modified":"2025-09-09T21:59:49","modified_gmt":"2025-09-09T21:59:49","slug":"productos","status":"publish","type":"page","link":"https:\/\/yudica.com\/index.php\/productos\/","title":{"rendered":"Productos"},"content":{"rendered":"\t\t<div data-elementor-type=\"wp-page\" data-elementor-id=\"2201\" class=\"elementor elementor-2201\" data-elementor-post-type=\"page\">\n\t\t\t\t<div class=\"elementor-element elementor-element-5e9bbc1 e-flex e-con-boxed e-con e-parent\" data-id=\"5e9bbc1\" data-element_type=\"container\" data-settings=\"{&quot;background_background&quot;:&quot;classic&quot;}\">\n\t\t\t\t\t<div class=\"e-con-inner\">\n\t\t\t\t<div class=\"elementor-element elementor-element-c2aac8f elementor-hidden-tablet elementor-hidden-mobile exad-sticky-section-no exad-glass-effect-no elementor-widget elementor-widget-image\" data-id=\"c2aac8f\" data-element_type=\"widget\" data-widget_type=\"image.default\">\n\t\t\t\t<div class=\"elementor-widget-container\">\n\t\t\t\t\t\t\t\t\t\t\t\t\t\t\t<img decoding=\"async\" width=\"252\" height=\"99\" src=\"https:\/\/yudica.com\/wp-content\/uploads\/2021\/03\/Recurso-12.png\" class=\"attachment-large size-large wp-image-114\" alt=\"\" \/>\t\t\t\t\t\t\t\t\t\t\t\t\t\t\t<\/div>\n\t\t\t\t<\/div>\n\t\t\t\t<div class=\"elementor-element elementor-element-ca5b832 elementor-widget__width-initial exad-sticky-section-no exad-glass-effect-no elementor-widget elementor-widget-heading\" data-id=\"ca5b832\" data-element_type=\"widget\" data-widget_type=\"heading.default\">\n\t\t\t\t<div class=\"elementor-widget-container\">\n\t\t\t\t\t<h2 class=\"elementor-heading-title elementor-size-default\">Nuestros Productos y Servicios<\/h2>\t\t\t\t<\/div>\n\t\t\t\t<\/div>\n\t\t\t\t<div class=\"elementor-element elementor-element-b5749a4 elementor-widget__width-initial exad-sticky-section-no exad-glass-effect-no elementor-widget elementor-widget-heading\" data-id=\"b5749a4\" data-element_type=\"widget\" data-widget_type=\"heading.default\">\n\t\t\t\t<div class=\"elementor-widget-container\">\n\t\t\t\t\t<h2 class=\"elementor-heading-title elementor-size-default\">CALIDAD Y EXCELENCIA<\/h2>\t\t\t\t<\/div>\n\t\t\t\t<\/div>\n\t\t\t\t\t<\/div>\n\t\t\t\t<\/div>\n\t\t<div class=\"elementor-element elementor-element-49d0c4d e-flex e-con-boxed e-con e-parent\" data-id=\"49d0c4d\" data-element_type=\"container\">\n\t\t\t\t\t<div class=\"e-con-inner\">\n\t\t<div class=\"elementor-element elementor-element-b4183b9 e-con-full e-flex e-con e-child\" data-id=\"b4183b9\" data-element_type=\"container\">\n\t\t\t\t<div class=\"elementor-element elementor-element-cfc8079 exad-sticky-section-no exad-glass-effect-no elementor-widget elementor-widget-heading\" data-id=\"cfc8079\" data-element_type=\"widget\" data-widget_type=\"heading.default\">\n\t\t\t\t<div class=\"elementor-widget-container\">\n\t\t\t\t\t<h6 class=\"elementor-heading-title elementor-size-default\">NUESTROS<br>PRODUCTOS Y SERVICIOS<\/h6>\t\t\t\t<\/div>\n\t\t\t\t<\/div>\n\t\t\t\t<\/div>\n\t\t<div class=\"elementor-element elementor-element-157521e e-con-full e-flex e-con e-child\" data-id=\"157521e\" data-element_type=\"container\">\n\t\t\t\t<div class=\"elementor-element elementor-element-e105cd7 exad-sticky-section-no exad-glass-effect-no elementor-widget elementor-widget-image\" data-id=\"e105cd7\" data-element_type=\"widget\" data-widget_type=\"image.default\">\n\t\t\t\t<div class=\"elementor-widget-container\">\n\t\t\t\t\t\t\t\t\t\t\t\t\t\t\t<img fetchpriority=\"high\" decoding=\"async\" width=\"1024\" height=\"1024\" src=\"https:\/\/yudica.com\/wp-content\/uploads\/2025\/09\/HSC1-1024x1024.webp\" class=\"attachment-large size-large wp-image-2099\" alt=\"\" srcset=\"https:\/\/yudica.com\/wp-content\/uploads\/2025\/09\/HSC1-1024x1024.webp 1024w, https:\/\/yudica.com\/wp-content\/uploads\/2025\/09\/HSC1-300x300.webp 300w, https:\/\/yudica.com\/wp-content\/uploads\/2025\/09\/HSC1-150x150.webp 150w, https:\/\/yudica.com\/wp-content\/uploads\/2025\/09\/HSC1-768x768.webp 768w, https:\/\/yudica.com\/wp-content\/uploads\/2025\/09\/HSC1-1536x1536.webp 1536w, https:\/\/yudica.com\/wp-content\/uploads\/2025\/09\/HSC1-2048x2048.webp 2048w\" sizes=\"(max-width: 1024px) 100vw, 1024px\" \/>\t\t\t\t\t\t\t\t\t\t\t\t\t\t\t<\/div>\n\t\t\t\t<\/div>\n\t\t\t\t<div class=\"elementor-element elementor-element-0da5dc0 elementor-align-center exad-sticky-section-no exad-glass-effect-no elementor-widget elementor-widget-button\" data-id=\"0da5dc0\" data-element_type=\"widget\" data-widget_type=\"button.default\">\n\t\t\t\t<div class=\"elementor-widget-container\">\n\t\t\t\t\t\t\t\t\t<div class=\"elementor-button-wrapper\">\n\t\t\t\t\t<a class=\"elementor-button elementor-button-link elementor-size-sm\" href=\"#\">\n\t\t\t\t\t\t<span class=\"elementor-button-content-wrapper\">\n\t\t\t\t\t\t\t\t\t<span class=\"elementor-button-text\">Neumaticos Nuevos<\/span>\n\t\t\t\t\t<\/span>\n\t\t\t\t\t<\/a>\n\t\t\t\t<\/div>\n\t\t\t\t\t\t\t\t<\/div>\n\t\t\t\t<\/div>\n\t\t\t\t<\/div>\n\t\t<div class=\"elementor-element elementor-element-7f4a27b e-con-full e-flex e-con e-child\" data-id=\"7f4a27b\" data-element_type=\"container\">\n\t\t\t\t<div class=\"elementor-element elementor-element-edd7fb7 exad-sticky-section-no exad-glass-effect-no elementor-widget elementor-widget-image\" data-id=\"edd7fb7\" data-element_type=\"widget\" data-widget_type=\"image.default\">\n\t\t\t\t<div class=\"elementor-widget-container\">\n\t\t\t\t\t\t\t\t\t\t\t\t\t\t\t<img decoding=\"async\" width=\"512\" height=\"512\" src=\"https:\/\/yudica.com\/wp-content\/uploads\/2025\/09\/Precurada.webp\" class=\"attachment-large size-large wp-image-2212\" alt=\"\" srcset=\"https:\/\/yudica.com\/wp-content\/uploads\/2025\/09\/Precurada.webp 512w, https:\/\/yudica.com\/wp-content\/uploads\/2025\/09\/Precurada-300x300.webp 300w, https:\/\/yudica.com\/wp-content\/uploads\/2025\/09\/Precurada-150x150.webp 150w\" sizes=\"(max-width: 512px) 100vw, 512px\" \/>\t\t\t\t\t\t\t\t\t\t\t\t\t\t\t<\/div>\n\t\t\t\t<\/div>\n\t\t\t\t<div class=\"elementor-element elementor-element-771f923 elementor-align-center exad-sticky-section-no exad-glass-effect-no elementor-widget elementor-widget-button\" data-id=\"771f923\" data-element_type=\"widget\" data-widget_type=\"button.default\">\n\t\t\t\t<div class=\"elementor-widget-container\">\n\t\t\t\t\t\t\t\t\t<div class=\"elementor-button-wrapper\">\n\t\t\t\t\t<a class=\"elementor-button elementor-button-link elementor-size-sm\" href=\"#\">\n\t\t\t\t\t\t<span class=\"elementor-button-content-wrapper\">\n\t\t\t\t\t\t\t\t\t<span class=\"elementor-button-text\">Bandas Precuradas<\/span>\n\t\t\t\t\t<\/span>\n\t\t\t\t\t<\/a>\n\t\t\t\t<\/div>\n\t\t\t\t\t\t\t\t<\/div>\n\t\t\t\t<\/div>\n\t\t\t\t<\/div>\n\t\t<div class=\"elementor-element elementor-element-c5f06f5 e-con-full e-flex e-con e-child\" data-id=\"c5f06f5\" data-element_type=\"container\">\n\t\t\t\t<div class=\"elementor-element elementor-element-1fb382d exad-sticky-section-no exad-glass-effect-no elementor-widget elementor-widget-image\" data-id=\"1fb382d\" data-element_type=\"widget\" data-widget_type=\"image.default\">\n\t\t\t\t<div class=\"elementor-widget-container\">\n\t\t\t\t\t\t\t\t\t\t\t\t\t\t\t<img loading=\"lazy\" decoding=\"async\" width=\"1024\" height=\"1024\" src=\"https:\/\/yudica.com\/wp-content\/uploads\/2025\/09\/Flota-1024x1024.webp\" class=\"attachment-large size-large wp-image-2214\" alt=\"\" srcset=\"https:\/\/yudica.com\/wp-content\/uploads\/2025\/09\/Flota-1024x1024.webp 1024w, https:\/\/yudica.com\/wp-content\/uploads\/2025\/09\/Flota-300x300.webp 300w, https:\/\/yudica.com\/wp-content\/uploads\/2025\/09\/Flota-150x150.webp 150w, https:\/\/yudica.com\/wp-content\/uploads\/2025\/09\/Flota-768x768.webp 768w, https:\/\/yudica.com\/wp-content\/uploads\/2025\/09\/Flota-1536x1536.webp 1536w, https:\/\/yudica.com\/wp-content\/uploads\/2025\/09\/Flota-2048x2048.webp 2048w\" sizes=\"(max-width: 1024px) 100vw, 1024px\" \/>\t\t\t\t\t\t\t\t\t\t\t\t\t\t\t<\/div>\n\t\t\t\t<\/div>\n\t\t\t\t<div class=\"elementor-element elementor-element-26ef0fc elementor-align-center exad-sticky-section-no exad-glass-effect-no elementor-widget elementor-widget-button\" data-id=\"26ef0fc\" data-element_type=\"widget\" data-widget_type=\"button.default\">\n\t\t\t\t<div class=\"elementor-widget-container\">\n\t\t\t\t\t\t\t\t\t<div class=\"elementor-button-wrapper\">\n\t\t\t\t\t<a class=\"elementor-button elementor-button-link elementor-size-sm\" href=\"#\">\n\t\t\t\t\t\t<span class=\"elementor-button-content-wrapper\">\n\t\t\t\t\t\t\t\t\t<span class=\"elementor-button-text\">Servicio a Flota<\/span>\n\t\t\t\t\t<\/span>\n\t\t\t\t\t<\/a>\n\t\t\t\t<\/div>\n\t\t\t\t\t\t\t\t<\/div>\n\t\t\t\t<\/div>\n\t\t\t\t<\/div>\n\t\t\t\t\t<\/div>\n\t\t\t\t<\/div>\n\t\t<div class=\"elementor-element elementor-element-8decd7f e-flex e-con-boxed e-con e-parent\" data-id=\"8decd7f\" data-element_type=\"container\">\n\t\t\t\t\t<div class=\"e-con-inner\">\n\t\t<div class=\"elementor-element elementor-element-26f22eb e-con-full e-flex e-con e-child\" data-id=\"26f22eb\" data-element_type=\"container\">\n\t\t\t\t<div class=\"elementor-element elementor-element-1b48db1 exad-sticky-section-no exad-glass-effect-no elementor-widget elementor-widget-heading\" data-id=\"1b48db1\" data-element_type=\"widget\" data-widget_type=\"heading.default\">\n\t\t\t\t<div class=\"elementor-widget-container\">\n\t\t\t\t\t<h6 class=\"elementor-heading-title elementor-size-default\">Bandas Precuradas<\/h6>\t\t\t\t<\/div>\n\t\t\t\t<\/div>\n\t\t\t\t<\/div>\n\t\t<div class=\"elementor-element elementor-element-9a53d4c e-con-full e-flex e-con e-child\" data-id=\"9a53d4c\" data-element_type=\"container\">\n\t\t\t\t<div class=\"elementor-element elementor-element-7c18254 exad-sticky-section-no exad-glass-effect-no elementor-widget elementor-widget-image\" data-id=\"7c18254\" data-element_type=\"widget\" data-widget_type=\"image.default\">\n\t\t\t\t<div class=\"elementor-widget-container\">\n\t\t\t\t\t\t\t\t\t\t\t\t\t\t\t<img loading=\"lazy\" decoding=\"async\" width=\"900\" height=\"506\" src=\"https:\/\/yudica.com\/wp-content\/uploads\/2021\/03\/6-unigoma-recapado-neumaticos.jpg\" class=\"attachment-large size-large wp-image-115\" alt=\"\" srcset=\"https:\/\/yudica.com\/wp-content\/uploads\/2021\/03\/6-unigoma-recapado-neumaticos.jpg 900w, https:\/\/yudica.com\/wp-content\/uploads\/2021\/03\/6-unigoma-recapado-neumaticos-300x169.jpg 300w, https:\/\/yudica.com\/wp-content\/uploads\/2021\/03\/6-unigoma-recapado-neumaticos-768x432.jpg 768w\" sizes=\"(max-width: 900px) 100vw, 900px\" \/>\t\t\t\t\t\t\t\t\t\t\t\t\t\t\t<\/div>\n\t\t\t\t<\/div>\n\t\t\t\t<\/div>\n\t\t<div class=\"elementor-element elementor-element-4f36cb3 e-con-full e-flex e-con e-child\" data-id=\"4f36cb3\" data-element_type=\"container\">\n\t\t<div class=\"elementor-element elementor-element-0a24357 e-con-full e-flex e-con e-child\" data-id=\"0a24357\" data-element_type=\"container\" data-settings=\"{&quot;background_background&quot;:&quot;classic&quot;}\">\n\t\t\t\t<div class=\"elementor-element elementor-element-228d607 elementor-widget__width-initial exad-sticky-section-no exad-glass-effect-no elementor-widget elementor-widget-image\" data-id=\"228d607\" data-element_type=\"widget\" data-widget_type=\"image.default\">\n\t\t\t\t<div class=\"elementor-widget-container\">\n\t\t\t\t\t\t\t\t\t\t\t\t\t\t\t<img loading=\"lazy\" decoding=\"async\" width=\"404\" height=\"103\" src=\"https:\/\/yudica.com\/wp-content\/uploads\/2021\/03\/vipal-bl.png\" class=\"attachment-large size-large wp-image-101\" alt=\"\" srcset=\"https:\/\/yudica.com\/wp-content\/uploads\/2021\/03\/vipal-bl.png 404w, https:\/\/yudica.com\/wp-content\/uploads\/2021\/03\/vipal-bl-300x76.png 300w\" sizes=\"(max-width: 404px) 100vw, 404px\" \/>\t\t\t\t\t\t\t\t\t\t\t\t\t\t\t<\/div>\n\t\t\t\t<\/div>\n\t\t\t\t<div class=\"elementor-element elementor-element-30d8bff elementor-widget__width-initial exad-sticky-section-no exad-glass-effect-no elementor-widget elementor-widget-image\" data-id=\"30d8bff\" data-element_type=\"widget\" data-widget_type=\"image.default\">\n\t\t\t\t<div class=\"elementor-widget-container\">\n\t\t\t\t\t\t\t\t\t\t\t\t\t\t\t<img loading=\"lazy\" decoding=\"async\" width=\"1024\" height=\"364\" src=\"https:\/\/yudica.com\/wp-content\/uploads\/2021\/03\/continental-b-1024x364.png\" class=\"attachment-large size-large wp-image-100\" alt=\"\" srcset=\"https:\/\/yudica.com\/wp-content\/uploads\/2021\/03\/continental-b-1024x364.png 1024w, https:\/\/yudica.com\/wp-content\/uploads\/2021\/03\/continental-b-300x107.png 300w, https:\/\/yudica.com\/wp-content\/uploads\/2021\/03\/continental-b-768x273.png 768w, https:\/\/yudica.com\/wp-content\/uploads\/2021\/03\/continental-b.png 1242w\" sizes=\"(max-width: 1024px) 100vw, 1024px\" \/>\t\t\t\t\t\t\t\t\t\t\t\t\t\t\t<\/div>\n\t\t\t\t<\/div>\n\t\t\t\t<\/div>\n\t\t<div class=\"elementor-element elementor-element-dcf39a9 e-con-full e-flex e-con e-child\" data-id=\"dcf39a9\" data-element_type=\"container\">\n\t\t\t\t<div class=\"elementor-element elementor-element-29ede05 elementor-widget__width-initial exad-sticky-section-no exad-glass-effect-no elementor-widget elementor-widget-text-editor\" data-id=\"29ede05\" data-element_type=\"widget\" data-widget_type=\"text-editor.default\">\n\t\t\t\t<div class=\"elementor-widget-container\">\n\t\t\t\t\t\t\t\t\t<p>Tenemos una larga lista de modelos de bandas precuradas que te podemos ofrecer, gracias a nuestros proveedores VIPAL Y CONTINENTAL.<\/p><p>\u00a0<\/p><p>\u00a1Encontra el modelo que buscas!<\/p>\t\t\t\t\t\t\t\t<\/div>\n\t\t\t\t<\/div>\n\t\t\t\t<\/div>\n\t\t\t\t<div class=\"elementor-element elementor-element-f4c64c8 elementor-align-center exad-sticky-section-no exad-glass-effect-no elementor-widget elementor-widget-button\" data-id=\"f4c64c8\" data-element_type=\"widget\" data-widget_type=\"button.default\">\n\t\t\t\t<div class=\"elementor-widget-container\">\n\t\t\t\t\t\t\t\t\t<div class=\"elementor-button-wrapper\">\n\t\t\t\t\t<a class=\"elementor-button elementor-button-link elementor-size-sm\" href=\"#\">\n\t\t\t\t\t\t<span class=\"elementor-button-content-wrapper\">\n\t\t\t\t\t\t\t\t\t<span class=\"elementor-button-text\">M\u00e1s Informacion<\/span>\n\t\t\t\t\t<\/span>\n\t\t\t\t\t<\/a>\n\t\t\t\t<\/div>\n\t\t\t\t\t\t\t\t<\/div>\n\t\t\t\t<\/div>\n\t\t\t\t<\/div>\n\t\t\t\t\t<\/div>\n\t\t\t\t<\/div>\n\t\t<div class=\"elementor-element elementor-element-9a0a94a e-flex e-con-boxed e-con e-parent\" data-id=\"9a0a94a\" data-element_type=\"container\">\n\t\t\t\t\t<div class=\"e-con-inner\">\n\t\t<div class=\"elementor-element elementor-element-1755ef5 e-con-full e-flex e-con e-child\" data-id=\"1755ef5\" data-element_type=\"container\">\n\t\t\t\t<div class=\"elementor-element elementor-element-bb9f7a6 exad-sticky-section-no exad-glass-effect-no elementor-widget elementor-widget-heading\" data-id=\"bb9f7a6\" data-element_type=\"widget\" data-widget_type=\"heading.default\">\n\t\t\t\t<div class=\"elementor-widget-container\">\n\t\t\t\t\t<h6 class=\"elementor-heading-title elementor-size-default\">Servicio a Flota<\/h6>\t\t\t\t<\/div>\n\t\t\t\t<\/div>\n\t\t\t\t<\/div>\n\t\t<div class=\"elementor-element elementor-element-c50746d e-con-full e-flex e-con e-child\" data-id=\"c50746d\" data-element_type=\"container\">\n\t\t\t\t<div class=\"elementor-element elementor-element-d642d95 elementor-widget-mobile__width-initial exad-sticky-section-no exad-glass-effect-no elementor-widget elementor-widget-image\" data-id=\"d642d95\" data-element_type=\"widget\" data-widget_type=\"image.default\">\n\t\t\t\t<div class=\"elementor-widget-container\">\n\t\t\t\t\t\t\t\t\t\t\t\t\t\t\t<img loading=\"lazy\" decoding=\"async\" width=\"1024\" height=\"768\" src=\"https:\/\/yudica.com\/wp-content\/uploads\/2021\/04\/yudica-servicioaflota-4.jpeg\" class=\"attachment-large size-large wp-image-673\" alt=\"\" srcset=\"https:\/\/yudica.com\/wp-content\/uploads\/2021\/04\/yudica-servicioaflota-4.jpeg 1024w, https:\/\/yudica.com\/wp-content\/uploads\/2021\/04\/yudica-servicioaflota-4-300x225.jpeg 300w, https:\/\/yudica.com\/wp-content\/uploads\/2021\/04\/yudica-servicioaflota-4-768x576.jpeg 768w\" sizes=\"(max-width: 1024px) 100vw, 1024px\" \/>\t\t\t\t\t\t\t\t\t\t\t\t\t\t\t<\/div>\n\t\t\t\t<\/div>\n\t\t\t\t<\/div>\n\t\t<div class=\"elementor-element elementor-element-bfff575 e-con-full e-flex e-con e-child\" data-id=\"bfff575\" data-element_type=\"container\">\n\t\t<div class=\"elementor-element elementor-element-1cd6eeb e-con-full e-flex e-con e-child\" data-id=\"1cd6eeb\" data-element_type=\"container\">\n\t\t\t\t<div class=\"elementor-element elementor-element-8154db9 elementor-widget__width-initial exad-sticky-section-no exad-glass-effect-no elementor-widget elementor-widget-text-editor\" data-id=\"8154db9\" data-element_type=\"widget\" data-widget_type=\"text-editor.default\">\n\t\t\t\t<div class=\"elementor-widget-container\">\n\t\t\t\t\t\t\t\t\t<p>Servicio a flota es una prestaci\u00f3n que brinda Yudica Neumaticos a flotas de camiones y colectivos y a domicilios particulares. Garantizando servicios de gomer\u00eda, como arme y desarme, rotaci\u00f3n y reparaci\u00f3n, donde se retiran cubiertas para realizar el trabajo de precurados y tambi\u00e9n la colocaci\u00f3n de las mismas una vez realizado su proceso. El objetivo principal es brindar un servicio de excelencia y calidad con personal altamente capacitado comprometidos con la mejora continua.<\/p>\t\t\t\t\t\t\t\t<\/div>\n\t\t\t\t<\/div>\n\t\t\t\t<\/div>\n\t\t\t\t<div class=\"elementor-element elementor-element-f5d896a elementor-align-center exad-sticky-section-no exad-glass-effect-no elementor-widget elementor-widget-button\" data-id=\"f5d896a\" data-element_type=\"widget\" data-widget_type=\"button.default\">\n\t\t\t\t<div class=\"elementor-widget-container\">\n\t\t\t\t\t\t\t\t\t<div class=\"elementor-button-wrapper\">\n\t\t\t\t\t<a class=\"elementor-button elementor-button-link elementor-size-sm\" href=\"#\">\n\t\t\t\t\t\t<span class=\"elementor-button-content-wrapper\">\n\t\t\t\t\t\t\t\t\t<span class=\"elementor-button-text\">M\u00e1s Informacion<\/span>\n\t\t\t\t\t<\/span>\n\t\t\t\t\t<\/a>\n\t\t\t\t<\/div>\n\t\t\t\t\t\t\t\t<\/div>\n\t\t\t\t<\/div>\n\t\t\t\t<\/div>\n\t\t\t\t\t<\/div>\n\t\t\t\t<\/div>\n\t\t\t\t<\/div>\n\t\t","protected":false},"excerpt":{"rendered":"<p>Nuestros Productos y Servicios CALIDAD Y EXCELENCIA NUESTROSPRODUCTOS Y SERVICIOS Neumaticos Nuevos Bandas Precuradas Servicio a Flota Bandas Precuradas Tenemos una larga lista de modelos de bandas precuradas que te podemos ofrecer, gracias a nuestros proveedores VIPAL Y CONTINENTAL. \u00a0 \u00a1Encontra el modelo que buscas! M\u00e1s Informacion Servicio a Flota Servicio a flota es una [&hellip;]<\/p>\n","protected":false},"author":2,"featured_media":0,"parent":0,"menu_order":0,"comment_status":"closed","ping_status":"closed","template":"elementor_header_footer","meta":{"site-sidebar-layout":"no-sidebar","site-content-layout":"page-builder","ast-site-content-layout":"full-width-container","site-content-style":"default","site-sidebar-style":"default","ast-global-header-display":"disabled","ast-banner-title-visibility":"","ast-main-header-display":"","ast-hfb-above-header-display":"","ast-hfb-below-header-display":"","ast-hfb-mobile-header-display":"","site-post-title":"","ast-breadcrumbs-content":"","ast-featured-img":"disabled","footer-sml-layout":"disabled","theme-transparent-header-meta":"","adv-header-id-meta":"","stick-header-meta":"","header-above-stick-meta":"","header-main-stick-meta":"","header-below-stick-meta":"","astra-migrate-meta-layouts":"set","ast-page-background-enabled":"default","ast-page-background-meta":{"desktop":{"background-color":"","background-image":"","background-repeat":"repeat","background-position":"center center","background-size":"auto","background-attachment":"scroll","background-type":"","background-media":"","overlay-type":"","overlay-color":"","overlay-opacity":"","overlay-gradient":""},"tablet":{"background-color":"","background-image":"","background-repeat":"repeat","background-position":"center center","background-size":"auto","background-attachment":"scroll","background-type":"","background-media":"","overlay-type":"","overlay-color":"","overlay-opacity":"","overlay-gradient":""},"mobile":{"background-color":"","background-image":"","background-repeat":"repeat","background-position":"center center","background-size":"auto","background-attachment":"scroll","background-type":"","background-media":"","overlay-type":"","overlay-color":"","overlay-opacity":"","overlay-gradient":""}},"ast-content-background-meta":{"desktop":{"background-color":"var(--ast-global-color-5)","background-image":"","background-repeat":"repeat","background-position":"center center","background-size":"auto","background-attachment":"scroll","background-type":"","background-media":"","overlay-type":"","overlay-color":"","overlay-opacity":"","overlay-gradient":""},"tablet":{"background-color":"var(--ast-global-color-5)","background-image":"","background-repeat":"repeat","background-position":"center center","background-size":"auto","background-attachment":"scroll","background-type":"","background-media":"","overlay-type":"","overlay-color":"","overlay-opacity":"","overlay-gradient":""},"mobile":{"background-color":"var(--ast-global-color-5)","background-image":"","background-repeat":"repeat","background-position":"center center","background-size":"auto","background-attachment":"scroll","background-type":"","background-media":"","overlay-type":"","overlay-color":"","overlay-opacity":"","overlay-gradient":""}},"_joinchat":[],"footnotes":""},"class_list":["post-2201","page","type-page","status-publish","hentry"],"_links":{"self":[{"href":"https:\/\/yudica.com\/index.php\/wp-json\/wp\/v2\/pages\/2201","targetHints":{"allow":["GET"]}}],"collection":[{"href":"https:\/\/yudica.com\/index.php\/wp-json\/wp\/v2\/pages"}],"about":[{"href":"https:\/\/yudica.com\/index.php\/wp-json\/wp\/v2\/types\/page"}],"author":[{"embeddable":true,"href":"https:\/\/yudica.com\/index.php\/wp-json\/wp\/v2\/users\/2"}],"replies":[{"embeddable":true,"href":"https:\/\/yudica.com\/index.php\/wp-json\/wp\/v2\/comments?post=2201"}],"version-history":[{"count":50,"href":"https:\/\/yudica.com\/index.php\/wp-json\/wp\/v2\/pages\/2201\/revisions"}],"predecessor-version":[{"id":2267,"href":"https:\/\/yudica.com\/index.php\/wp-json\/wp\/v2\/pages\/2201\/revisions\/2267"}],"wp:attachment":[{"href":"https:\/\/yudica.com\/index.php\/wp-json\/wp\/v2\/media?parent=2201"}],"curies":[{"name":"wp","href":"https:\/\/api.w.org\/{rel}","templated":true}]}}