{"id":1922,"date":"2025-09-05T23:45:03","date_gmt":"2025-09-05T23:45:03","guid":{"rendered":"https:\/\/yudica.com\/?page_id=1922"},"modified":"2025-09-09T21:58:44","modified_gmt":"2025-09-09T21:58:44","slug":"empresa","status":"publish","type":"page","link":"https:\/\/yudica.com\/index.php\/empresa\/","title":{"rendered":"Empresa"},"content":{"rendered":"\t\t<div data-elementor-type=\"wp-page\" data-elementor-id=\"1922\" class=\"elementor elementor-1922\" data-elementor-post-type=\"page\">\n\t\t\t\t<div class=\"elementor-element elementor-element-1a442385 e-flex e-con-boxed e-con e-parent\" data-id=\"1a442385\" data-element_type=\"container\" data-settings=\"{&quot;background_background&quot;:&quot;classic&quot;}\">\n\t\t\t\t\t<div class=\"e-con-inner\">\n\t\t<div class=\"elementor-element elementor-element-628dc4cf e-con-full e-flex e-con e-child\" data-id=\"628dc4cf\" data-element_type=\"container\">\n\t\t\t\t<div class=\"elementor-element elementor-element-2a0f1cbf elementor-widget__width-initial exad-sticky-section-no exad-glass-effect-no elementor-widget elementor-widget-heading\" data-id=\"2a0f1cbf\" data-element_type=\"widget\" data-widget_type=\"heading.default\">\n\t\t\t\t<div class=\"elementor-widget-container\">\n\t\t\t\t\t<h1 class=\"elementor-heading-title elementor-size-default\">Empresa<\/h1>\t\t\t\t<\/div>\n\t\t\t\t<\/div>\n\t\t\t\t<\/div>\n\t\t\t\t\t<\/div>\n\t\t\t\t<\/div>\n\t\t<div class=\"elementor-element elementor-element-5bab609 e-flex e-con-boxed e-con e-parent\" data-id=\"5bab609\" data-element_type=\"container\" data-settings=\"{&quot;background_background&quot;:&quot;classic&quot;}\">\n\t\t\t\t\t<div class=\"e-con-inner\">\n\t\t<div class=\"elementor-element elementor-element-510fded3 e-con-full e-flex elementor-invisible e-con e-child\" data-id=\"510fded3\" data-element_type=\"container\" data-settings=\"{&quot;animation&quot;:&quot;fadeInLeft&quot;}\">\n\t\t\t\t<div class=\"elementor-element elementor-element-3da160de exad-sticky-section-no exad-glass-effect-no elementor-widget elementor-widget-heading\" data-id=\"3da160de\" data-element_type=\"widget\" data-widget_type=\"heading.default\">\n\t\t\t\t<div class=\"elementor-widget-container\">\n\t\t\t\t\t<h2 class=\"elementor-heading-title elementor-size-default\">Nuestra Historia<\/h2>\t\t\t\t<\/div>\n\t\t\t\t<\/div>\n\t\t\t\t<div class=\"elementor-element elementor-element-15e665f9 elementor-widget__width-initial exad-sticky-section-no exad-glass-effect-no elementor-widget elementor-widget-text-editor\" data-id=\"15e665f9\" data-element_type=\"widget\" data-widget_type=\"text-editor.default\">\n\t\t\t\t<div class=\"elementor-widget-container\">\n\t\t\t\t\t\t\t\t\t<p>Yudica Neum\u00e1ticos es una empresa familiar, si bien este rubro se transmiti\u00f3 a trav\u00e9s de generaciones, tiene sus comienzos a principios de 2010.<\/p><p>\u00a0<\/p><p>Nuestro anhelo fue lograr una empresa que proporcionara un servicio superior a la comunidad. Manteniendo un compromiso con el medio ambiente, la mejora continua, la calidad de los productos y adapt\u00e1ndonos a los cambios incorporando tecnolog\u00eda de \u00faltima generaci\u00f3n. Para ello nos respaldamos en la certificaci\u00f3n de las Normas ISO 9001.<\/p><p>\u00a0<\/p><p>Somos una organizaci\u00f3n conformada por un personal de alta trayectoria en el rubro, con valores bien marcados y \u00e9tica profesional; posicion\u00e1ndonos como l\u00edderes en la reconstrucci\u00f3n de neum\u00e1ticos en la zona de cuyo.<\/p>\t\t\t\t\t\t\t\t<\/div>\n\t\t\t\t<\/div>\n\t\t\t\t<\/div>\n\t\t<div class=\"elementor-element elementor-element-640bf8ef e-con-full e-flex e-con e-child\" data-id=\"640bf8ef\" data-element_type=\"container\">\n\t\t\t\t<div class=\"elementor-element elementor-element-1d22c51 exad-sticky-section-no exad-glass-effect-no elementor-widget elementor-widget-image\" data-id=\"1d22c51\" data-element_type=\"widget\" data-widget_type=\"image.default\">\n\t\t\t\t<div class=\"elementor-widget-container\">\n\t\t\t\t\t\t\t\t\t\t\t\t\t\t\t<img fetchpriority=\"high\" decoding=\"async\" width=\"1024\" height=\"604\" src=\"https:\/\/yudica.com\/wp-content\/uploads\/2021\/04\/yudica-servicioaflota-6.jpeg\" class=\"attachment-large size-large wp-image-675\" alt=\"\" srcset=\"https:\/\/yudica.com\/wp-content\/uploads\/2021\/04\/yudica-servicioaflota-6.jpeg 1024w, https:\/\/yudica.com\/wp-content\/uploads\/2021\/04\/yudica-servicioaflota-6-300x177.jpeg 300w, https:\/\/yudica.com\/wp-content\/uploads\/2021\/04\/yudica-servicioaflota-6-768x453.jpeg 768w\" sizes=\"(max-width: 1024px) 100vw, 1024px\" \/>\t\t\t\t\t\t\t\t\t\t\t\t\t\t\t<\/div>\n\t\t\t\t<\/div>\n\t\t\t\t<\/div>\n\t\t\t\t\t<\/div>\n\t\t\t\t<\/div>\n\t\t<div class=\"elementor-element elementor-element-6fbe2338 e-flex e-con-boxed e-con e-parent\" data-id=\"6fbe2338\" data-element_type=\"container\" data-settings=\"{&quot;background_background&quot;:&quot;classic&quot;}\">\n\t\t\t\t\t<div class=\"e-con-inner\">\n\t\t<div class=\"elementor-element elementor-element-317f5ef0 e-flex e-con-boxed elementor-invisible e-con e-child\" data-id=\"317f5ef0\" data-element_type=\"container\" data-settings=\"{&quot;animation&quot;:&quot;fadeInUp&quot;}\">\n\t\t\t\t\t<div class=\"e-con-inner\">\n\t\t\t\t<div class=\"elementor-element elementor-element-2203c33c exad-sticky-section-no exad-glass-effect-no elementor-widget elementor-widget-heading\" data-id=\"2203c33c\" data-element_type=\"widget\" data-widget_type=\"heading.default\">\n\t\t\t\t<div class=\"elementor-widget-container\">\n\t\t\t\t\t<h2 class=\"elementor-heading-title elementor-size-default\">PERSONAL CAPACITADO<\/h2>\t\t\t\t<\/div>\n\t\t\t\t<\/div>\n\t\t\t\t\t<\/div>\n\t\t\t\t<\/div>\n\t\t<div class=\"elementor-element elementor-element-47c39877 e-con-full e-flex e-con e-child\" data-id=\"47c39877\" data-element_type=\"container\">\n\t\t\t\t<div class=\"elementor-element elementor-element-2e2a75b elementor-arrows-position-outside elementor-pagination-position-outside exad-sticky-section-no exad-glass-effect-no elementor-widget elementor-widget-image-carousel\" data-id=\"2e2a75b\" data-element_type=\"widget\" data-settings=\"{&quot;slides_to_show&quot;:&quot;3&quot;,&quot;slides_to_scroll&quot;:&quot;3&quot;,&quot;autoplay_speed&quot;:2000,&quot;navigation&quot;:&quot;both&quot;,&quot;autoplay&quot;:&quot;yes&quot;,&quot;pause_on_hover&quot;:&quot;yes&quot;,&quot;pause_on_interaction&quot;:&quot;yes&quot;,&quot;infinite&quot;:&quot;yes&quot;,&quot;speed&quot;:500}\" data-widget_type=\"image-carousel.default\">\n\t\t\t\t<div class=\"elementor-widget-container\">\n\t\t\t\t\t\t\t<div class=\"elementor-image-carousel-wrapper swiper\" role=\"region\" aria-roledescription=\"carousel\" aria-label=\"Carrusel de im\u00e1genes\" dir=\"ltr\">\n\t\t\t<div class=\"elementor-image-carousel swiper-wrapper swiper-image-stretch\" aria-live=\"off\">\n\t\t\t\t\t\t\t\t<div class=\"swiper-slide\" role=\"group\" aria-roledescription=\"slide\" aria-label=\"1 de 9\"><figure class=\"swiper-slide-inner\"><img decoding=\"async\" class=\"swiper-slide-image\" src=\"https:\/\/yudica.com\/wp-content\/uploads\/2021\/05\/capacitacion-personal-1-1024x768.jpeg\" alt=\"capacitacion-personal (1)\" \/><\/figure><\/div><div class=\"swiper-slide\" role=\"group\" aria-roledescription=\"slide\" aria-label=\"2 de 9\"><figure class=\"swiper-slide-inner\"><img decoding=\"async\" class=\"swiper-slide-image\" src=\"https:\/\/yudica.com\/wp-content\/uploads\/2021\/05\/capacitacion-personal-16.jpeg\" alt=\"capacitacion-personal (16)\" \/><\/figure><\/div><div class=\"swiper-slide\" role=\"group\" aria-roledescription=\"slide\" aria-label=\"3 de 9\"><figure class=\"swiper-slide-inner\"><img decoding=\"async\" class=\"swiper-slide-image\" src=\"https:\/\/yudica.com\/wp-content\/uploads\/2021\/05\/capacitacion-personal-14.jpeg\" alt=\"capacitacion-personal (14)\" \/><\/figure><\/div><div class=\"swiper-slide\" role=\"group\" aria-roledescription=\"slide\" aria-label=\"4 de 9\"><figure class=\"swiper-slide-inner\"><img decoding=\"async\" class=\"swiper-slide-image\" src=\"https:\/\/yudica.com\/wp-content\/uploads\/2021\/05\/capacitacion-personal-10.jpeg\" alt=\"capacitacion-personal (10)\" \/><\/figure><\/div><div class=\"swiper-slide\" role=\"group\" aria-roledescription=\"slide\" aria-label=\"5 de 9\"><figure class=\"swiper-slide-inner\"><img decoding=\"async\" class=\"swiper-slide-image\" src=\"https:\/\/yudica.com\/wp-content\/uploads\/2021\/05\/capacitacion-personal-15.jpeg\" alt=\"capacitacion-personal (15)\" \/><\/figure><\/div><div class=\"swiper-slide\" role=\"group\" aria-roledescription=\"slide\" aria-label=\"6 de 9\"><figure class=\"swiper-slide-inner\"><img decoding=\"async\" class=\"swiper-slide-image\" src=\"https:\/\/yudica.com\/wp-content\/uploads\/2021\/05\/capacitacion-personal-7.jpeg\" alt=\"capacitacion-personal (7)\" \/><\/figure><\/div><div class=\"swiper-slide\" role=\"group\" aria-roledescription=\"slide\" aria-label=\"7 de 9\"><figure class=\"swiper-slide-inner\"><img decoding=\"async\" class=\"swiper-slide-image\" src=\"https:\/\/yudica.com\/wp-content\/uploads\/2021\/05\/capacitacion-personal-5.jpeg\" alt=\"capacitacion-personal (5)\" \/><\/figure><\/div><div class=\"swiper-slide\" role=\"group\" aria-roledescription=\"slide\" aria-label=\"8 de 9\"><figure class=\"swiper-slide-inner\"><img decoding=\"async\" class=\"swiper-slide-image\" src=\"https:\/\/yudica.com\/wp-content\/uploads\/2021\/05\/capacitacion-personal-3.jpeg\" alt=\"capacitacion-personal (3)\" \/><\/figure><\/div><div class=\"swiper-slide\" role=\"group\" aria-roledescription=\"slide\" aria-label=\"9 de 9\"><figure class=\"swiper-slide-inner\"><img decoding=\"async\" class=\"swiper-slide-image\" src=\"https:\/\/yudica.com\/wp-content\/uploads\/2021\/05\/capacitacion-personal-12.jpeg\" alt=\"capacitacion-personal (12)\" \/><\/figure><\/div>\t\t\t<\/div>\n\t\t\t\t\t\t\t\t\t\t\t\t<div class=\"elementor-swiper-button elementor-swiper-button-prev\" role=\"button\" tabindex=\"0\">\n\t\t\t\t\t\t<i aria-hidden=\"true\" class=\"eicon-chevron-left\"><\/i>\t\t\t\t\t<\/div>\n\t\t\t\t\t<div class=\"elementor-swiper-button elementor-swiper-button-next\" role=\"button\" tabindex=\"0\">\n\t\t\t\t\t\t<i aria-hidden=\"true\" class=\"eicon-chevron-right\"><\/i>\t\t\t\t\t<\/div>\n\t\t\t\t\n\t\t\t\t\t\t\t\t\t<div class=\"swiper-pagination\"><\/div>\n\t\t\t\t\t\t\t\t\t<\/div>\n\t\t\t\t\t\t<\/div>\n\t\t\t\t<\/div>\n\t\t\t\t<\/div>\n\t\t<div class=\"elementor-element elementor-element-bd61fa4 e-con-full e-flex e-con e-child\" data-id=\"bd61fa4\" data-element_type=\"container\">\n\t\t\t\t<div class=\"elementor-element elementor-element-2821ea6 elementor-widget__width-initial exad-sticky-section-no exad-glass-effect-no elementor-widget elementor-widget-text-editor\" data-id=\"2821ea6\" data-element_type=\"widget\" data-widget_type=\"text-editor.default\">\n\t\t\t\t<div class=\"elementor-widget-container\">\n\t\t\t\t\t\t\t\t\t<p>Nuestra empresa est\u00e1 comprometida con la mejora continua, es por ello que consideramos a nuestro personal como un pilar fundamental para llevar a cabo este compromiso.<\/p><p>\u00a0<\/p><p>Ofrecemos y promovemos la capacitaci\u00f3n constante para contar con un personal de amplia trayectoria profesional, actualizado en nuevas tecnolog\u00edas, m\u00e9todos y procesos; como tambi\u00e9n\u00a0\u00a0 potenciando sus capacidades y competencias personales.<\/p><p>\u00a0<\/p><p>Contamos con el apoyo y compromiso de VIPAL en capacitaciones asociadas a la actualizaci\u00f3n en el correcto uso de maquinarias y herramientas modernas, como en nuevos materiales para la reconstrucci\u00f3n de neum\u00e1ticos.<\/p><p>\u00a0<\/p><p>En el \u00e1rea personal y de equipo, trabajamos desde la mirada del Coaching Organizacional, para lograr formar un equipo de alto rendimiento que se sienta parte de Yudica Neum\u00e1ticos, comprometido y brindando su mejor servicio.<\/p>\t\t\t\t\t\t\t\t<\/div>\n\t\t\t\t<\/div>\n\t\t\t\t<\/div>\n\t\t\t\t\t<\/div>\n\t\t\t\t<\/div>\n\t\t<div class=\"elementor-element elementor-element-5053efc3 e-flex e-con-boxed e-con e-parent\" data-id=\"5053efc3\" data-element_type=\"container\">\n\t\t\t\t\t<div class=\"e-con-inner\">\n\t\t<div class=\"elementor-element elementor-element-3ae6a5d2 e-con-full e-flex e-con e-child\" data-id=\"3ae6a5d2\" data-element_type=\"container\">\n\t\t\t\t<div class=\"elementor-element elementor-element-458e560 exad-sticky-section-no exad-glass-effect-no elementor-widget elementor-widget-heading\" data-id=\"458e560\" data-element_type=\"widget\" data-widget_type=\"heading.default\">\n\t\t\t\t<div class=\"elementor-widget-container\">\n\t\t\t\t\t<h2 class=\"elementor-heading-title elementor-size-default\">NUESTROS PROVEEDORES<\/h2>\t\t\t\t<\/div>\n\t\t\t\t<\/div>\n\t\t\t\t<div class=\"elementor-element elementor-element-e2a5915 elementor-widget-divider--view-line exad-sticky-section-no exad-glass-effect-no elementor-widget elementor-widget-divider\" data-id=\"e2a5915\" data-element_type=\"widget\" data-widget_type=\"divider.default\">\n\t\t\t\t<div class=\"elementor-widget-container\">\n\t\t\t\t\t\t\t<div class=\"elementor-divider\">\n\t\t\t<span class=\"elementor-divider-separator\">\n\t\t\t\t\t\t<\/span>\n\t\t<\/div>\n\t\t\t\t\t\t<\/div>\n\t\t\t\t<\/div>\n\t\t\t\t<\/div>\n\t\t<div class=\"elementor-element elementor-element-1c600404 e-con-full e-flex e-con e-child\" data-id=\"1c600404\" data-element_type=\"container\">\n\t\t\t\t<div class=\"elementor-element elementor-element-21d74a8 elementor-widget__width-initial exad-sticky-section-no exad-glass-effect-no elementor-widget elementor-widget-image\" data-id=\"21d74a8\" data-element_type=\"widget\" data-widget_type=\"image.default\">\n\t\t\t\t<div class=\"elementor-widget-container\">\n\t\t\t\t\t\t\t\t\t\t\t\t\t\t\t<img decoding=\"async\" width=\"1024\" height=\"576\" src=\"https:\/\/yudica.com\/wp-content\/uploads\/2025\/09\/Continental-Logo-1024x576.png\" class=\"attachment-large size-large wp-image-1983\" alt=\"\" srcset=\"https:\/\/yudica.com\/wp-content\/uploads\/2025\/09\/Continental-Logo-1024x576.png 1024w, https:\/\/yudica.com\/wp-content\/uploads\/2025\/09\/Continental-Logo-300x169.png 300w, https:\/\/yudica.com\/wp-content\/uploads\/2025\/09\/Continental-Logo-768x432.png 768w, https:\/\/yudica.com\/wp-content\/uploads\/2025\/09\/Continental-Logo-1536x864.png 1536w, https:\/\/yudica.com\/wp-content\/uploads\/2025\/09\/Continental-Logo-2048x1152.png 2048w\" sizes=\"(max-width: 1024px) 100vw, 1024px\" \/>\t\t\t\t\t\t\t\t\t\t\t\t\t\t\t<\/div>\n\t\t\t\t<\/div>\n\t\t\t\t<div class=\"elementor-element elementor-element-25f3e2f elementor-widget__width-initial exad-sticky-section-no exad-glass-effect-no elementor-widget elementor-widget-image\" data-id=\"25f3e2f\" data-element_type=\"widget\" data-widget_type=\"image.default\">\n\t\t\t\t<div class=\"elementor-widget-container\">\n\t\t\t\t\t\t\t\t\t\t\t\t\t\t\t<img decoding=\"async\" width=\"1024\" height=\"546\" src=\"https:\/\/yudica.com\/wp-content\/uploads\/2025\/09\/VipalLogo-1024x546.jpg\" class=\"attachment-large size-large wp-image-1988\" alt=\"\" srcset=\"https:\/\/yudica.com\/wp-content\/uploads\/2025\/09\/VipalLogo-1024x546.jpg 1024w, https:\/\/yudica.com\/wp-content\/uploads\/2025\/09\/VipalLogo-300x160.jpg 300w, https:\/\/yudica.com\/wp-content\/uploads\/2025\/09\/VipalLogo-768x410.jpg 768w, https:\/\/yudica.com\/wp-content\/uploads\/2025\/09\/VipalLogo.jpg 1500w\" sizes=\"(max-width: 1024px) 100vw, 1024px\" \/>\t\t\t\t\t\t\t\t\t\t\t\t\t\t\t<\/div>\n\t\t\t\t<\/div>\n\t\t\t\t<\/div>\n\t\t\t\t\t<\/div>\n\t\t\t\t<\/div>\n\t\t<div class=\"elementor-element elementor-element-194bae3 e-flex e-con-boxed e-con e-parent\" data-id=\"194bae3\" data-element_type=\"container\" data-settings=\"{&quot;background_background&quot;:&quot;classic&quot;}\">\n\t\t\t\t\t<div class=\"e-con-inner\">\n\t\t<div class=\"elementor-element elementor-element-a7e0d29 e-con-full e-flex e-con e-child\" data-id=\"a7e0d29\" data-element_type=\"container\">\n\t\t\t\t<div class=\"elementor-element elementor-element-e5a89eb elementor-widget__width-initial exad-sticky-section-no exad-glass-effect-no elementor-widget elementor-widget-heading\" data-id=\"e5a89eb\" data-element_type=\"widget\" data-widget_type=\"heading.default\">\n\t\t\t\t<div class=\"elementor-widget-container\">\n\t\t\t\t\t<h2 class=\"elementor-heading-title elementor-size-default\">\u00bfDONDE NOS ENCONTRAMOS?<\/h2>\t\t\t\t<\/div>\n\t\t\t\t<\/div>\n\t\t\t\t<\/div>\n\t\t<div class=\"elementor-element elementor-element-18db4eb e-con-full elementor-hidden-mobile e-flex e-con e-child\" data-id=\"18db4eb\" data-element_type=\"container\">\n\t\t\t\t<div class=\"elementor-element elementor-element-a426f6b elementor-widget__width-initial elementor-view-default exad-sticky-section-no exad-glass-effect-no elementor-widget elementor-widget-icon\" data-id=\"a426f6b\" data-element_type=\"widget\" data-widget_type=\"icon.default\">\n\t\t\t\t<div class=\"elementor-widget-container\">\n\t\t\t\t\t\t\t<div class=\"elementor-icon-wrapper\">\n\t\t\t<div class=\"elementor-icon\">\n\t\t\t<i aria-hidden=\"true\" class=\" icon_pin\"><\/i>\t\t\t<\/div>\n\t\t<\/div>\n\t\t\t\t\t\t<\/div>\n\t\t\t\t<\/div>\n\t\t\t\t<\/div>\n\t\t<div class=\"elementor-element elementor-element-3027971 e-con-full e-flex e-con e-child\" data-id=\"3027971\" data-element_type=\"container\">\n\t\t\t\t<div class=\"elementor-element elementor-element-65c399e exad-sticky-section-no exad-glass-effect-no elementor-widget elementor-widget-google_maps\" data-id=\"65c399e\" data-element_type=\"widget\" data-widget_type=\"google_maps.default\">\n\t\t\t\t<div class=\"elementor-widget-container\">\n\t\t\t\t\t\t\t<div class=\"elementor-custom-embed\">\n\t\t\t<iframe loading=\"lazy\"\n\t\t\t\t\tsrc=\"https:\/\/maps.google.com\/maps?q=Yudica%20Neum%C3%A1ticos%2C%20Maip%C3%BA%2C%20Mendoza&#038;t=m&#038;z=15&#038;output=embed&#038;iwloc=near\"\n\t\t\t\t\ttitle=\"Yudica Neum\u00e1ticos, Maip\u00fa, Mendoza\"\n\t\t\t\t\taria-label=\"Yudica Neum\u00e1ticos, Maip\u00fa, Mendoza\"\n\t\t\t><\/iframe>\n\t\t<\/div>\n\t\t\t\t\t\t<\/div>\n\t\t\t\t<\/div>\n\t\t\t\t<\/div>\n\t\t\t\t\t<\/div>\n\t\t\t\t<\/div>\n\t\t\t\t<\/div>\n\t\t","protected":false},"excerpt":{"rendered":"<p>Empresa Nuestra Historia Yudica Neum\u00e1ticos es una empresa familiar, si bien este rubro se transmiti\u00f3 a trav\u00e9s de generaciones, tiene sus comienzos a principios de 2010. \u00a0 Nuestro anhelo fue lograr una empresa que proporcionara un servicio superior a la comunidad. Manteniendo un compromiso con el medio ambiente, la mejora continua, la calidad de los [&hellip;]<\/p>\n","protected":false},"author":2,"featured_media":0,"parent":0,"menu_order":0,"comment_status":"closed","ping_status":"closed","template":"elementor_header_footer","meta":{"site-sidebar-layout":"no-sidebar","site-content-layout":"page-builder","ast-site-content-layout":"full-width-container","site-content-style":"default","site-sidebar-style":"default","ast-global-header-display":"disabled","ast-banner-title-visibility":"","ast-main-header-display":"","ast-hfb-above-header-display":"","ast-hfb-below-header-display":"","ast-hfb-mobile-header-display":"","site-post-title":"","ast-breadcrumbs-content":"","ast-featured-img":"disabled","footer-sml-layout":"disabled","theme-transparent-header-meta":"","adv-header-id-meta":"","stick-header-meta":"","header-above-stick-meta":"","header-main-stick-meta":"","header-below-stick-meta":"","astra-migrate-meta-layouts":"set","ast-page-background-enabled":"default","ast-page-background-meta":{"desktop":{"background-color":"","background-image":"","background-repeat":"repeat","background-position":"center center","background-size":"auto","background-attachment":"scroll","background-type":"","background-media":"","overlay-type":"","overlay-color":"","overlay-opacity":"","overlay-gradient":""},"tablet":{"background-color":"","background-image":"","background-repeat":"repeat","background-position":"center center","background-size":"auto","background-attachment":"scroll","background-type":"","background-media":"","overlay-type":"","overlay-color":"","overlay-opacity":"","overlay-gradient":""},"mobile":{"background-color":"","background-image":"","background-repeat":"repeat","background-position":"center center","background-size":"auto","background-attachment":"scroll","background-type":"","background-media":"","overlay-type":"","overlay-color":"","overlay-opacity":"","overlay-gradient":""}},"ast-content-background-meta":{"desktop":{"background-color":"var(--ast-global-color-5)","background-image":"","background-repeat":"repeat","background-position":"center center","background-size":"auto","background-attachment":"scroll","background-type":"","background-media":"","overlay-type":"","overlay-color":"","overlay-opacity":"","overlay-gradient":""},"tablet":{"background-color":"var(--ast-global-color-5)","background-image":"","background-repeat":"repeat","background-position":"center center","background-size":"auto","background-attachment":"scroll","background-type":"","background-media":"","overlay-type":"","overlay-color":"","overlay-opacity":"","overlay-gradient":""},"mobile":{"background-color":"var(--ast-global-color-5)","background-image":"","background-repeat":"repeat","background-position":"center center","background-size":"auto","background-attachment":"scroll","background-type":"","background-media":"","overlay-type":"","overlay-color":"","overlay-opacity":"","overlay-gradient":""}},"_joinchat":[],"footnotes":""},"class_list":["post-1922","page","type-page","status-publish","hentry"],"_links":{"self":[{"href":"https:\/\/yudica.com\/index.php\/wp-json\/wp\/v2\/pages\/1922","targetHints":{"allow":["GET"]}}],"collection":[{"href":"https:\/\/yudica.com\/index.php\/wp-json\/wp\/v2\/pages"}],"about":[{"href":"https:\/\/yudica.com\/index.php\/wp-json\/wp\/v2\/types\/page"}],"author":[{"embeddable":true,"href":"https:\/\/yudica.com\/index.php\/wp-json\/wp\/v2\/users\/2"}],"replies":[{"embeddable":true,"href":"https:\/\/yudica.com\/index.php\/wp-json\/wp\/v2\/comments?post=1922"}],"version-history":[{"count":65,"href":"https:\/\/yudica.com\/index.php\/wp-json\/wp\/v2\/pages\/1922\/revisions"}],"predecessor-version":[{"id":2264,"href":"https:\/\/yudica.com\/index.php\/wp-json\/wp\/v2\/pages\/1922\/revisions\/2264"}],"wp:attachment":[{"href":"https:\/\/yudica.com\/index.php\/wp-json\/wp\/v2\/media?parent=1922"}],"curies":[{"name":"wp","href":"https:\/\/api.w.org\/{rel}","templated":true}]}}